{"id":12,"date":"2012-05-29T11:30:13","date_gmt":"2012-05-29T11:30:13","guid":{"rendered":"http:\/\/araluminios.pt\/?page_id=12"},"modified":"2013-01-05T20:50:35","modified_gmt":"2013-01-05T20:50:35","slug":"concepcao-e-desenvolvimentoinovacao","status":"publish","type":"page","link":"https:\/\/araluminios.pt\/?page_id=12","title":{"rendered":"Concep\u00e7\u00e3o e Desenvolvimento \/ Inova\u00e7\u00e3o"},"content":{"rendered":"<p>A Concep\u00e7\u00e3o e Desenvolvimento de novos modelos, quer sejam Perfis de Alum\u00ednio, Modelos de Portas, etc, acontece sempre que a Administra\u00e7\u00e3o da <a href=\"https:\/\/araluminios.pt\/\" target=\"_blank\">AR Alum\u00ednios<\/a> sinta a necessidade e pretenda incorporar novos produtos no cat\u00e1logo da empresa. Uma das preocupa\u00e7\u00f5es principais, \u00e9 que qualquer requisito necess\u00e1rio \u00e0 concep\u00e7\u00e3o, respeite sempre mecanismos de ordem funcional e de desempenho, mas tamb\u00e9m legais e espec\u00edficos aos produtos desenvolvidos.<\/p>\n<p>Ao longo dos \u00faltimos 20 anos a AR Alum\u00ednios, desenvolveu cerca de 35 matrizes de perfis novos de alum\u00ednio, cerca de 30 modelos de portas r\u00fasticas, etc.<\/p>\n<p>Tem sido tamb\u00e9m um dos objectivos da empresa, inovar, inovar, inovar!<\/p>\n<p>\u00c9 em tempos de crise que micro empresas marcam a diferen\u00e7a pela sua sustentabilidade, pelo seu Know-how, pela sua din\u00e2mica de mercado. Tem sido essa a nossa postura ao longo dos tempos!<\/p>","protected":false},"excerpt":{"rendered":"<p>A Concep\u00e7\u00e3o e Desenvolvimento de novos modelos, quer sejam Perfis de Alum\u00ednio, Modelos de Portas, etc, acontece sempre que a Administra\u00e7\u00e3o da AR Alum\u00ednios sinta a necessidade e pretenda incorporar novos produtos no cat\u00e1logo da empresa. Uma das preocupa\u00e7\u00f5es principais, \u00e9 que qualquer requisito necess\u00e1rio \u00e0 concep\u00e7\u00e3o, respeite sempre mecanismos de ordem funcional e de [&hellip;]<\/p>\n","protected":false},"author":1,"featured_media":0,"parent":0,"menu_order":0,"comment_status":"open","ping_status":"open","template":"","meta":{"footnotes":""},"class_list":["post-12","page","type-page","status-publish","hentry"],"_links":{"self":[{"href":"https:\/\/araluminios.pt\/index.php?rest_route=\/wp\/v2\/pages\/12"}],"collection":[{"href":"https:\/\/araluminios.pt\/index.php?rest_route=\/wp\/v2\/pages"}],"about":[{"href":"https:\/\/araluminios.pt\/index.php?rest_route=\/wp\/v2\/types\/page"}],"author":[{"embeddable":true,"href":"https:\/\/araluminios.pt\/index.php?rest_route=\/wp\/v2\/users\/1"}],"replies":[{"embeddable":true,"href":"https:\/\/araluminios.pt\/index.php?rest_route=%2Fwp%2Fv2%2Fcomments&post=12"}],"version-history":[{"count":5,"href":"https:\/\/araluminios.pt\/index.php?rest_route=\/wp\/v2\/pages\/12\/revisions"}],"predecessor-version":[{"id":194,"href":"https:\/\/araluminios.pt\/index.php?rest_route=\/wp\/v2\/pages\/12\/revisions\/194"}],"wp:attachment":[{"href":"https:\/\/araluminios.pt\/index.php?rest_route=%2Fwp%2Fv2%2Fmedia&parent=12"}],"curies":[{"name":"wp","href":"https:\/\/api.w.org\/{rel}","templated":true}]}}